{"id":60,"date":"2022-04-11T11:15:11","date_gmt":"2022-04-11T11:15:11","guid":{"rendered":"https:\/\/layerdrops.com\/notechwp\/?page_id=60"},"modified":"2023-12-01T21:21:17","modified_gmt":"2023-12-01T20:21:17","slug":"contact","status":"publish","type":"page","link":"https:\/\/www.inee.ma\/?page_id=60","title":{"rendered":"Contact"},"content":{"rendered":"\t\t<div data-elementor-type=\"wp-page\" data-elementor-id=\"60\" class=\"elementor elementor-60\">\n\t\t\t\t\t\t<section class=\"elementor-section elementor-top-section elementor-element elementor-element-b989c8f elementor-section-full_width elementor-section-height-default elementor-section-height-default\" data-id=\"b989c8f\" data-element_type=\"section\">\n\t\t\t\t\t\t<div class=\"elementor-container elementor-column-gap-no\">\n\t\t\t\t\t<div class=\"elementor-column elementor-col-100 elementor-top-column elementor-element elementor-element-5674da9\" data-id=\"5674da9\" data-element_type=\"column\">\n\t\t\t<div class=\"elementor-widget-wrap\">\n\t\t\t\t\t\t\t<\/div>\n\t\t<\/div>\n\t\t\t\t\t<\/div>\n\t\t<\/section>\n\t\t\t\t<section class=\"elementor-section elementor-top-section elementor-element elementor-element-a57da91 elementor-section-full_width elementor-section-height-default elementor-section-height-default\" data-id=\"a57da91\" data-element_type=\"section\">\n\t\t\t\t\t\t<div class=\"elementor-container elementor-column-gap-no\">\n\t\t\t\t\t<div class=\"elementor-column elementor-col-100 elementor-top-column elementor-element elementor-element-29762a4\" data-id=\"29762a4\" data-element_type=\"column\">\n\t\t\t<div class=\"elementor-widget-wrap elementor-element-populated\">\n\t\t\t\t\t\t<div class=\"elementor-element elementor-element-f7ba863 elementor-widget elementor-widget-notech-contact-info\" data-id=\"f7ba863\" data-element_type=\"widget\" data-widget_type=\"notech-contact-info.default\">\n\t\t\t\t<div class=\"elementor-widget-container\">\n\t\t\t\t\t    <!--Contact Details Start-->\r\n    <section class=\"contact-details\">\r\n        <div class=\"container\">\r\n            <div class=\"row\">\r\n                <div class=\"col-xl-7 col-lg-6\">\r\n                    <div class=\"contact-details__img\">\r\n                                                    <img decoding=\"async\" src=\"https:\/\/www.inee.ma\/wp-content\/uploads\/2022\/04\/project-1-2.jpg\" alt=\"\">\r\n                                            <\/div>\r\n                <\/div>\r\n                <div class=\"col-xl-5 col-lg-6\">\r\n                    <div class=\"contact-details__right\">\r\n                        <div class=\"section-title text-left\">\r\n                                                            <div class=\"section-title__tagline-box\">\r\n                                    <span class=\"section-title__tagline\">VOUS AVEZ UNE QUESTION, UN NOUVEAU PROJET ?<\/span>\r\n                                                                    <\/div>\r\n                                                                                        <h2 class=\"section-title__title\">N'h\u00e9sitez pas nous contacter !<\/h2>\r\n                                                    <\/div>\r\n                                                    <p class=\"contact-details__text\">\n<\/p>\r\n                                                                            <ul class=\"list-unstyled contact-details__info ml-0\">\r\n                                                                    <li>\r\n                                        <div class=\"icon icon-svg-large\">\r\n                                            <span aria-hidden=\"true\" class=\"  icon-telephone\"><\/span>                                        <\/div>\r\n                                        <div class=\"text\">\r\n                                            <p>Par t\u00e9l\u00e9phone<\/p>\r\n                                            <a href=\"tel:+212(0)537 717 111\"><span><\/span> +212(0)537 717 111<\/a>                                        <\/div>\r\n                                    <\/li>\r\n                                                                    <li>\r\n                                        <div class=\"icon icon-svg-large\">\r\n                                            <span aria-hidden=\"true\" class=\"   icon-email\"><\/span>                                        <\/div>\r\n                                        <div class=\"text\">\r\n                                            <p>Par e-mail<\/p>\r\n                                            <a href=\"mailto:contact@inee.ma\">contact@inee.ma<\/a>                                        <\/div>\r\n                                    <\/li>\r\n                                                                    <li>\r\n                                        <div class=\"icon icon-svg-large\">\r\n                                            <span aria-hidden=\"true\" class=\"   icon-pin\"><\/span>                                        <\/div>\r\n                                        <div class=\"text\">\r\n                                            <p>Dans nos locaux<\/p>\r\n                                            <span>Espace Les Patios, 4\u00e8me \u00e9tage\nHay Riad  10 000 RABAT\n<\/span>                                        <\/div>\r\n                                    <\/li>\r\n                                                            <\/ul>\r\n                                            <\/div>\r\n                <\/div>\r\n            <\/div>\r\n        <\/div>\r\n    <\/section>\r\n    <!--Contact Details End-->\r\n\t\t\t\t<\/div>\n\t\t\t\t<\/div>\n\t\t\t\t<div class=\"elementor-element elementor-element-296b754 elementor-widget elementor-widget-notech-contact-form\" data-id=\"296b754\" data-element_type=\"widget\" data-widget_type=\"notech-contact-form.default\">\n\t\t\t\t<div class=\"elementor-widget-container\">\n\t\t\t\t\t    <!--Contact Page Start-->\r\n    <section class=\"contact-page\">\r\n        <div class=\"container\">\r\n                            <div class=\"section-title text-center\">\r\n                    <div class=\"section-title__tagline-box\">\r\n                        <span class=\"section-title__tagline\"><\/span>\r\n                                            <\/div>\r\n                                            <h2 class=\"section-title__title\">Ecrivez-nous<\/h2>\r\n                                    <\/div>\r\n                        <div class=\"row\">\r\n                <div class=\"col-xl-12\">\r\n                    <div class=\"contact-page__form\">\r\n                        <div class=\"wpcf7 no-js\" id=\"wpcf7-f198-o1\" lang=\"en-US\" dir=\"ltr\" data-wpcf7-id=\"198\">\n<div class=\"screen-reader-response\">\n<p role=\"status\" aria-live=\"polite\" aria-atomic=\"true\">\n<ul><\/ul>\n<\/div>\n<form action=\"\/index.php?rest_route=%2Fwp%2Fv2%2Fpages%2F60#wpcf7-f198-o1\" method=\"post\" class=\"wpcf7-form init\" aria-label=\"Contact form\" novalidate=\"novalidate\" data-status=\"init\">\n<div style=\"display: none;\">\n<input type=\"hidden\" name=\"_wpcf7\" value=\"198\" \/>\n<input type=\"hidden\" name=\"_wpcf7_version\" value=\"6.0\" \/>\n<input type=\"hidden\" name=\"_wpcf7_locale\" value=\"en_US\" \/>\n<input type=\"hidden\" name=\"_wpcf7_unit_tag\" value=\"wpcf7-f198-o1\" \/>\n<input type=\"hidden\" name=\"_wpcf7_container_post\" value=\"0\" \/>\n<input type=\"hidden\" name=\"_wpcf7_posted_data_hash\" value=\"\" \/>\n<input type=\"hidden\" name=\"_wpcf7cf_hidden_group_fields\" value=\"[]\" \/>\n<input type=\"hidden\" name=\"_wpcf7cf_hidden_groups\" value=\"[]\" \/>\n<input type=\"hidden\" name=\"_wpcf7cf_visible_groups\" value=\"[]\" \/>\n<input type=\"hidden\" name=\"_wpcf7cf_repeaters\" value=\"[]\" \/>\n<input type=\"hidden\" name=\"_wpcf7cf_steps\" value=\"{}\" \/>\n<input type=\"hidden\" name=\"_wpcf7cf_options\" value=\"{&quot;form_id&quot;:198,&quot;conditions&quot;:[{&quot;then_field&quot;:&quot;-1&quot;,&quot;and_rules&quot;:[{&quot;if_field&quot;:&quot;secteur-dactivite&quot;,&quot;operator&quot;:&quot;equals&quot;,&quot;if_value&quot;:&quot;Industrie&quot;}]},{&quot;then_field&quot;:&quot;group-800&quot;,&quot;and_rules&quot;:[{&quot;if_field&quot;:&quot;secteur-dactivite&quot;,&quot;operator&quot;:&quot;equals&quot;,&quot;if_value&quot;:&quot;Tertiaire&quot;}]},{&quot;then_field&quot;:&quot;group-500&quot;,&quot;and_rules&quot;:[{&quot;if_field&quot;:&quot;menu-505&quot;,&quot;operator&quot;:&quot;equals&quot;,&quot;if_value&quot;:&quot;B\\u00e2timents bureaux secteurs public\\\/priv\\u00e9&quot;}]},{&quot;then_field&quot;:&quot;group-797&quot;,&quot;and_rules&quot;:[{&quot;if_field&quot;:&quot;menu-505&quot;,&quot;operator&quot;:&quot;equals&quot;,&quot;if_value&quot;:&quot;H\\u00f4tellerie&quot;}]}],&quot;settings&quot;:{&quot;animation&quot;:&quot;yes&quot;,&quot;animation_intime&quot;:200,&quot;animation_outtime&quot;:200,&quot;conditions_ui&quot;:&quot;normal&quot;,&quot;notice_dismissed&quot;:false}}\" \/>\n<\/div>\n<div class=\"comment-one__form\">\n<div class=\"row\">\n<div class=\"col-xl-12\">\n<div class=\"comment-form__input-box\">\n<p><span class=\"wpcf7-form-control-wrap\" data-name=\"secteur-dactivite\"><select class=\"wpcf7-form-control wpcf7-select wpcf7-validates-as-required\" aria-required=\"true\" aria-invalid=\"false\" name=\"secteur-dactivite\"><option value=\"\">Domaines d\u2019activit\u00e9*<\/option><option value=\"Industrie\">Industrie<\/option><option value=\"Agriculture\">Agriculture<\/option><option value=\"Tertiaire\">Tertiaire<\/option><option value=\"Collectivit\u00e9 Territoriale\">Collectivit\u00e9 Territoriale<\/option><option value=\"Eclairage public\">Eclairage public<\/option><option value=\"Transport et logistique\">Transport et logistique<\/option><\/select><\/span>\n\t\t\t\t<\/p>\n<\/p><\/div>\n<\/p><\/div>\n<div class=\"col-xl-12\">\n<div class=\"comment-form__input-box\">\n<div data-id=\"group-800\" data-orig_data_id=\"group-800\"  data-class=\"wpcf7cf_group\">\n<p><span class=\"wpcf7-form-control-wrap\" data-name=\"menu-505\"><select class=\"wpcf7-form-control wpcf7-select\" aria-invalid=\"false\" name=\"menu-505\"><option value=\"\">Choisir une option*<\/option><option value=\"B\u00e2timents bureaux secteurs public\/priv\u00e9\">B\u00e2timents bureaux secteurs public\/priv\u00e9<\/option><option value=\"H\u00f4tellerie\">H\u00f4tellerie<\/option><\/select><\/span>\n\t\t\t\t\t<\/p>\n<\/p><\/div>\n<div class=\"col-xl-12\">\n<div class=\"comment-form__input-box\">\n<div data-id=\"group-797\" data-orig_data_id=\"group-797\"  data-class=\"wpcf7cf_group\">\n<p style=\"margin-top: 23px;font-size: 14px;margin-left: 30px;margin-bottom: -40px;\">\nTaux d\u2019occupation minimum 50%\n\t\t\t\t\t\t\t<\/p>\n<p><span class=\"wpcf7-form-control-wrap\" data-name=\"number-611\"><input class=\"wpcf7-form-control wpcf7-number wpcf7-validates-as-number\" min=\"50\" max=\"100\" aria-invalid=\"false\" value=\"\" type=\"number\" name=\"number-611\" \/><\/span>\n\t\t\t\t\t\t\t<\/p>\n<\/p><\/div>\n<div data-id=\"group-500\" data-orig_data_id=\"group-500\"  data-class=\"wpcf7cf_group\">\n<p style=\"margin-top: 23px;font-size: 14px;margin-left: 30px;margin-bottom: -40px;\">\nMinimum 1 MDH de facture \u00e9nerg\u00e9tique annuelle\n\t\t\t\t\t\t\t<\/p>\n<p><span class=\"wpcf7-form-control-wrap\" data-name=\"number-612\"><input class=\"wpcf7-form-control wpcf7-number wpcf7-validates-as-number\" min=\"1\" aria-invalid=\"false\" value=\"\" type=\"number\" name=\"number-612\" \/><\/span>\n\t\t\t\t\t\t\t<\/p>\n<\/p><\/div>\n<\/p><\/div>\n<\/p><\/div>\n<\/p><\/div>\n<\/p><\/div>\n<div class=\"col-xl-6\">\n<div class=\"comment-form__input-box\">\n<p><span class=\"wpcf7-form-control-wrap\" data-name=\"your-name\"><input size=\"40\" maxlength=\"400\" class=\"wpcf7-form-control wpcf7-text wpcf7-validates-as-required\" aria-required=\"true\" aria-invalid=\"false\" placeholder=\"Organisation\" value=\"\" type=\"text\" name=\"your-name\" \/><\/span>\n\t\t\t\t<\/p>\n<\/p><\/div>\n<\/p><\/div>\n<div class=\"col-xl-6\">\n<div class=\"comment-form__input-box\">\n<p><span class=\"wpcf7-form-control-wrap\" data-name=\"your-nomprenom\"><input size=\"40\" maxlength=\"400\" class=\"wpcf7-form-control wpcf7-text wpcf7-validates-as-required\" aria-required=\"true\" aria-invalid=\"false\" placeholder=\"Nom et Pr\u00e9nom*\" value=\"\" type=\"text\" name=\"your-nomprenom\" \/><\/span>\n\t\t\t\t<\/p>\n<\/p><\/div>\n<\/p><\/div>\n<div class=\"col-xl-6\">\n<div class=\"comment-form__input-box\">\n<p><span class=\"wpcf7-form-control-wrap\" data-name=\"your-mail\"><input size=\"40\" maxlength=\"400\" class=\"wpcf7-form-control wpcf7-email wpcf7-validates-as-required wpcf7-text wpcf7-validates-as-email\" aria-required=\"true\" aria-invalid=\"false\" placeholder=\"Email*\" value=\"\" type=\"email\" name=\"your-mail\" \/><\/span>\n\t\t\t\t<\/p>\n<\/p><\/div>\n<\/p><\/div>\n<div class=\"col-xl-6\">\n<div class=\"comment-form__input-box\">\n<p><span class=\"wpcf7-form-control-wrap\" data-name=\"your-phone\"><input size=\"40\" maxlength=\"400\" class=\"wpcf7-form-control wpcf7-text wpcf7-validates-as-required\" aria-required=\"true\" aria-invalid=\"false\" placeholder=\"T\u00e9l\u00e9phone*\" value=\"\" type=\"text\" name=\"your-phone\" \/><\/span>\n\t\t\t\t<\/p>\n<\/p><\/div>\n<\/p><\/div>\n<\/p><\/div>\n<div class=\"row\">\n<div class=\"col-xl-12\">\n<div class=\"comment-form__input-box text-message-box\">\n<p><span class=\"wpcf7-form-control-wrap\" data-name=\"your-message\"><textarea cols=\"40\" rows=\"10\" maxlength=\"2000\" class=\"wpcf7-form-control wpcf7-textarea wpcf7-validates-as-required\" aria-required=\"true\" aria-invalid=\"false\" placeholder=\"Message\" name=\"your-message\"><\/textarea><\/span>\n\t\t\t\t<\/p>\n<\/p><\/div>\n<p style=\"margin-bottom: 20px;font-size: 14px;  line-height: 24px;  font-weight: 400;\">Conform\u00e9ment \u00e0 la loi 08-09, vous disposez d'un droit d'acc\u00e8s, de rectification et d'opposition au traitement de vos donn\u00e9es personnelles. Ce traitement a \u00e9t\u00e9 autoris\u00e9 par la CNDP sous le num\u00e9ro D-W40\/2024.\n\t\t\t<\/p>\n<div class=\"comment-form__input-box\">\n<p><input type=\"checkbox\" id=\"terms\" name=\"terms\" required \/>\n<label for=\"terms\">J'ai lu et j'accepte les <a href=\"http:\/\/www.inee.ma\/cgu\/\">CGU<\/a><\/label>\n\t\t\t\t<\/p>\n<\/p><\/div>\n<div class=\"comment-form__input-box\">\n<p><input type=\"checkbox\" id=\"promotions\" name=\"promotions\" required \/>\n<label for=\"promotions\">J'accepte de recevoir les offres promotionnelles<\/label>\n\t\t\t\t<\/p>\n<\/p><\/div>\n<div class=\"comment-form__btn-box\">\n<p><button type=\"submit\" class=\"thm-btn comment-form__btn\">Envoyer<\/button>\n\t\t\t\t<\/p>\n<\/p><\/div>\n<\/p><\/div>\n<\/p><\/div>\n<\/div>\n<div class=\"wpcf7-response-output\" aria-hidden=\"true\"><\/div>\n<\/form>\n<\/div>\n                    <\/div>\r\n                <\/div>\r\n            <\/div>\r\n        <\/div>\r\n    <\/section>\r\n    <!--Contact Page End-->\r\n\t\t\t\t<\/div>\n\t\t\t\t<\/div>\n\t\t\t\t\t<\/div>\n\t\t<\/div>\n\t\t\t\t\t<\/div>\n\t\t<\/section>\n\t\t\t\t<section class=\"elementor-section elementor-top-section elementor-element elementor-element-83d8077 elementor-section-full_width elementor-section-height-default elementor-section-height-default\" data-id=\"83d8077\" data-element_type=\"section\">\n\t\t\t\t\t\t<div class=\"elementor-container elementor-column-gap-no\">\n\t\t\t\t\t<div class=\"elementor-column elementor-col-100 elementor-top-column elementor-element elementor-element-0686faa\" data-id=\"0686faa\" data-element_type=\"column\">\n\t\t\t<div class=\"elementor-widget-wrap elementor-element-populated\">\n\t\t\t\t\t\t<div class=\"elementor-element elementor-element-c45dc88 elementor-widget elementor-widget-notech-google-maps\" data-id=\"c45dc88\" data-element_type=\"widget\" data-widget_type=\"notech-google-maps.default\">\n\t\t\t\t<div class=\"elementor-widget-container\">\n\t\t\t\t\t        <!--Google Map Start-->\r\n    <section class=\"google-map-two\">\r\n        <iframe src=\"https:\/\/maps.google.com\/maps?q=Espace%20Les%20Patios%2C%204%C3%A8me%20%C3%A9tage%20Hay%20Riad%2010%20000%20RABAT&#038;t=m&#038;z=16&#038;output=embed&#038;iwloc=near\" title=\"Espace Les Patios, 4\u00e8me \u00e9tage Hay Riad 10 000 RABAT\" aria-label=\"Espace Les Patios, 4\u00e8me \u00e9tage Hay Riad 10 000 RABAT\"><\/iframe>\r\n    <\/section>\r\n    <!--Google Map End-->\r\n\r\n\t\t\t\t<\/div>\n\t\t\t\t<\/div>\n\t\t\t\t\t<\/div>\n\t\t<\/div>\n\t\t\t\t\t<\/div>\n\t\t<\/section>\n\t\t\t\t<\/div>\n\t\t","protected":false},"excerpt":{"rendered":"<p>VOUS AVEZ UNE QUESTION, UN NOUVEAU PROJET ? N&rsquo;h\u00e9sitez pas nous contacter ! Par t\u00e9l\u00e9phone +212(0)537 717 111 Par e-mail contact@inee.ma Dans nos locaux Espace Les Patios, 4\u00e8me \u00e9tage Hay Riad 10 000 RABAT Ecrivez-nous Domaines d\u2019activit\u00e9*IndustrieAgricultureTertiaireCollectivit\u00e9 TerritorialeEclairage publicTransport et logistique Choisir une option*B\u00e2timents bureaux secteurs public\/priv\u00e9H\u00f4tellerie Taux d\u2019occupation minimum 50% Minimum 1 MDH de [&hellip;]<\/p>\n","protected":false},"author":1,"featured_media":0,"parent":0,"menu_order":0,"comment_status":"closed","ping_status":"closed","template":"elementor_header_footer","meta":{"_monsterinsights_skip_tracking":false,"_monsterinsights_sitenote_active":false,"_monsterinsights_sitenote_note":"","_monsterinsights_sitenote_category":0,"footnotes":""},"class_list":["post-60","page","type-page","status-publish","hentry"],"aioseo_notices":[],"lang":"fr","translations":{"en":2456,"fr":60},"pll_sync_post":[],"_links":{"self":[{"href":"https:\/\/www.inee.ma\/index.php?rest_route=\/wp\/v2\/pages\/60"}],"collection":[{"href":"https:\/\/www.inee.ma\/index.php?rest_route=\/wp\/v2\/pages"}],"about":[{"href":"https:\/\/www.inee.ma\/index.php?rest_route=\/wp\/v2\/types\/page"}],"author":[{"embeddable":true,"href":"https:\/\/www.inee.ma\/index.php?rest_route=\/wp\/v2\/users\/1"}],"replies":[{"embeddable":true,"href":"https:\/\/www.inee.ma\/index.php?rest_route=%2Fwp%2Fv2%2Fcomments&post=60"}],"version-history":[{"count":58,"href":"https:\/\/www.inee.ma\/index.php?rest_route=\/wp\/v2\/pages\/60\/revisions"}],"predecessor-version":[{"id":2452,"href":"https:\/\/www.inee.ma\/index.php?rest_route=\/wp\/v2\/pages\/60\/revisions\/2452"}],"wp:attachment":[{"href":"https:\/\/www.inee.ma\/index.php?rest_route=%2Fwp%2Fv2%2Fmedia&parent=60"}],"curies":[{"name":"wp","href":"https:\/\/api.w.org\/{rel}","templated":true}]}}